{"id":2350,"date":"2022-11-23T15:07:34","date_gmt":"2022-11-23T14:07:34","guid":{"rendered":"https:\/\/mgntl.com\/?page_id=2350"},"modified":"2026-04-02T17:55:34","modified_gmt":"2026-04-02T15:55:34","slug":"a-propos","status":"publish","type":"page","link":"https:\/\/mgntl.com\/en\/a-propos\/","title":{"rendered":"\u00c0 propos"},"content":{"rendered":"<div class=\"wp-block-greenshift-blocks-container alignfull gspb_container gspb_container-gsbp-d9c9286b-79be\" id=\"gspb_container-id-gsbp-d9c9286b-79be\">\n<div class=\"wp-block-greenshift-blocks-container gspb_container gspb_container-gsbp-f5ff20dd-8a52\" id=\"gspb_container-id-gsbp-f5ff20dd-8a52\">\n<h1 id=\"gspb_heading-id-gsbp-4d2b9c19-0b82\" class=\"gspb_heading gspb_heading-id-gsbp-4d2b9c19-0b82\">\u00c0 propos <\/h1>\n<\/div>\n\n\n\n<div class=\"wp-block-greenshift-blocks-container gspb_container gspb_container-gsbp-83c3341c-23b4\" id=\"gspb_container-id-gsbp-83c3341c-23b4\">\n<div class=\"wp-block-cover is-light\" style=\"min-height:312px;aspect-ratio:unset;\"><img decoding=\"async\" width=\"500\" height=\"750\" class=\"wp-block-cover__image-background wp-image-3156\" alt=\"\" src=\"https:\/\/mgntl.com\/wp-content\/uploads\/2023\/05\/15-web-1.jpg\" data-object-fit=\"cover\" srcset=\"https:\/\/mgntl.com\/wp-content\/uploads\/2023\/05\/15-web-1.jpg 500w, https:\/\/mgntl.com\/wp-content\/uploads\/2023\/05\/15-web-1-300x450.jpg 300w, https:\/\/mgntl.com\/wp-content\/uploads\/2023\/05\/15-web-1-8x12.jpg 8w\" sizes=\"(max-width: 500px) 100vw, 500px\" \/><span aria-hidden=\"true\" class=\"wp-block-cover__background has-background-dim\"><\/span><div class=\"wp-block-cover__inner-container is-layout-flow wp-block-cover-is-layout-flow\">\n<p class=\"has-text-align-center has-large-font-size\"><\/p>\n<\/div><\/div>\n<\/div>\n\n\n\n<div class=\"wp-block-greenshift-blocks-container gspb_container gspb_container-gsbp-5abd4591-8539\" id=\"gspb_container-id-gsbp-5abd4591-8539\">\n<p><br><strong>Mathilde Gentil Fau\u00e7on<\/strong> est metteuse en sc\u00e8ne et dramaturge multim\u00e9dia, bas\u00e9e \u00e0 Paris.\u00a0<\/p>\n<\/div>\n\n\n\n<div class=\"wp-block-greenshift-blocks-container gspb_container gspb_container-gsbp-455df240-0977\" id=\"gspb_container-id-gsbp-455df240-0977\">\n<p><\/p>\n\n\n\n<p>Dans son travail, elle m\u00eale <strong>th\u00e9\u00e2tre<\/strong>, <strong>performanc<\/strong>e,<strong> technologies num\u00e9riques<\/strong> et <strong>pratiques sensorielles<\/strong> pour interroger les formes contemporaines de coexistences et de domination. Sa recherche se d\u00e9ploie dans des espaces situ\u00e9s entre art, science et soci\u00e9t\u00e9, o\u00f9 elle explore les dimensions politiques du corps, de l\u2019attention et du soin dans des environnements m\u00e9di\u00e9s par la technologie.<br><br>Directrice artistique de la <strong><a href=\"http:\/\/www.gosh-cie.com\" data-type=\"link\" data-id=\"www.gosh-cie.com\">compagnie Gosh<\/a><\/strong>, elle d\u00e9veloppe des dispositifs hybrides prenant la forme de performances en streaming (<em>Gennao<\/em>, <em>Le Bal<\/em>), de laboratoires artistiques (<em>Ing\u00e9rer la fiction<\/em>, <em>Utopie(s)<\/em>), de workshops art\u2013science (Circuits Recherche et Cr\u00e9ation \u00e0 La Paillasse), des spectacles interactifs m\u00ealant th\u00e9\u00e2tre et jeu vid\u00e9o sur minitels (<em>MiniMax<\/em>), ou encore d\u2019installations vid\u00e9o (<em>L\u2019horizon des \u00e9v\u00e9nements<\/em>). Plus r\u00e9cemment, elle explore des dispositifs performatifs sensoriels et culinaires (<em>Juste apr\u00e8s la temp\u00eate<\/em>) et d\u00e9veloppe une cr\u00e9ation immersive XR (<em>Infrabases<\/em>) pr\u00e9vue pour 2028.<br><br>En parall\u00e8le de ses cr\u00e9ations, elle m\u00e8ne des projets de m\u00e9diation et de transmission aupr\u00e8s des publics. Avec les adolescents (th\u00e9\u00e2tre et vid\u00e9o avec AG compagnie, th\u00e9\u00e2tre des Plateaux Sauvages), en milieu de sant\u00e9 mentale, notamment au P\u00f4le de sant\u00e9 mentale Paris 11\u00e8me ou en maison d&rsquo;arr\u00eat. En tant que dramaturge et interpr\u00e8te, elle collabore avec d\u2019autres artistes et compagnies, dont <strong>Le Clair Obscur<\/strong> (<em>SleepforEarth<\/em>, <em>Le White Out<\/em> : th\u00e9\u00e2tre &amp; VR), <strong>Johann Le Guillerm<\/strong> (<em>Encatation<\/em> : d\u00eener spectacle co-\u00e9crit avec le chef \u00e9toil\u00e9 <strong>Alexandre Gauthier<\/strong>) ainsi qu&rsquo;avec le Zerep pour la la performance <em>Il ne manque plus que l&rsquo;orchestre<\/em>. <\/p>\n\n\n\n<p>Avec le projet <em>Back Kitchens<\/em> elle s&rsquo;int\u00e9resse aux liens entre art, environnement et sant\u00e9 en partenariat avec la Maison des M\u00e9tallos, la Villa Belleville et les h\u00f4pitaux Paris-Est Val-de-Marne. Accueillie en 2025, \u00e0 la Com\u00e9die de Valence (dispositif A.R.T.) pour poursuivre ses exp\u00e9rimentations entre cuisine et th\u00e9\u00e2tre, elle con\u00e7oit avec la designer culinaire C\u00e9line Pelc\u00e9 la performance <em>Pulsation et Panifications<\/em>, pr\u00e9sent\u00e9e comme un rituel manifeste (2026). <\/p>\n\n\n\n<p>Elle poursuit cette saison sa collaboration avec la Maison des M\u00e9tallos avec <em>la Fabrique Plurielle<\/em>, un laboratoire de cr\u00e9ation inclusif con\u00e7u avec le com\u00e9dien et art th\u00e9rapeute Geoffroy Vernin, soutenu par l&rsquo;<em>Art d\u2019\u00eatre Ensemble<\/em> de la Ville de Paris, l\u2019association <em>Souffleur de Sens<\/em> et la Maison Perch\u00e9e. La cr\u00e9ation collective <em>\u00ab\u00a0Le reste tout le monde s&rsquo;en fout\u00a0\u00bb<\/em> issue de cette premi\u00e8re \u00e9dition aura lieu en mai prochain. <\/p>\n\n\n\n<p><br><br><\/p>\n\n\n\n<p><\/p>\n\n\n\n<p><br><\/p>\n\n\n\n<p><\/p>\n\n\n\n<p><\/p>\n\n\n\n<p><\/p>\n\n\n\n<p><\/p>\n<\/div>\n<\/div>\n\n\n\n<p><\/p>","protected":false},"excerpt":{"rendered":"","protected":false},"author":3,"featured_media":0,"parent":0,"menu_order":0,"comment_status":"closed","ping_status":"closed","template":"","meta":{"_acf_changed":false,"_seopress_robots_primary_cat":"","_seopress_titles_title":"","_seopress_titles_desc":"","_seopress_robots_index":"","_gspb_post_css":".gspb_container-id-gsbp-455df240-0977,.gspb_container-id-gsbp-5abd4591-8539,.gspb_container-id-gsbp-83c3341c-23b4,.gspb_container-id-gsbp-d9c9286b-79be,.gspb_container-id-gsbp-f5ff20dd-8a52{flex-direction:column;box-sizing:border-box}#gspb_container-id-gsbp-455df240-0977.gspb_container>p:last-of-type,#gspb_container-id-gsbp-5abd4591-8539.gspb_container>p:last-of-type,#gspb_container-id-gsbp-83c3341c-23b4.gspb_container>p:last-of-type,#gspb_container-id-gsbp-d9c9286b-79be.gspb_container>p:last-of-type,#gspb_container-id-gsbp-f5ff20dd-8a52.gspb_container>p:last-of-type{margin-bottom:0}#gspb_container-id-gsbp-d9c9286b-79be.gspb_container{position:relative;display:grid;grid-template-columns:repeat(8,minmax(0,1fr));border-width:3px;border-color:#fffffe;border-style:none;box-sizing:border-box}body.gspb-bodyfront #gspb_container-id-gsbp-d9c9286b-79be.gspb_container{grid-column:span 2}#gspb_container-id-gsbp-f5ff20dd-8a52.gspb_container{position:relative;display:flex;flex-direction:column;justify-content:center;align-items:flex-start;padding-right:1rem;padding-left:1rem;height:10vh;border-bottom-style:solid;border-bottom-width:3px;border-bottom-color:#fffffe;box-sizing:border-box}body.gspb-bodyfront #gspb_container-id-gsbp-f5ff20dd-8a52.gspb_container{grid-column:span 7}@media (max-width:575.98px){body.gspb-bodyfront #gspb_container-id-gsbp-f5ff20dd-8a52.gspb_container{grid-column:span 6}}#gspb_heading-id-gsbp-4d2b9c19-0b82{font-family:VCR,sans-serif;text-transform:uppercase}@media (max-width:575.98px){#gspb_heading-id-gsbp-4d2b9c19-0b82{font-size:1.5em}}#gspb_heading-id-gsbp-4d2b9c19-0b82{font-weight:400!important}@media (max-width:991.98px){#gspb_heading-id-gsbp-4d2b9c19-0b82{font-weight:400!important}}@media (max-width:767.98px){#gspb_heading-id-gsbp-4d2b9c19-0b82{font-weight:400!important}}@media (max-width:575.98px){#gspb_heading-id-gsbp-4d2b9c19-0b82{font-weight:400!important}}#gspb_heading-id-gsbp-4d2b9c19-0b82{color:#fffffe}#gspb_container-id-gsbp-5abd4591-8539.gspb_container,#gspb_container-id-gsbp-83c3341c-23b4.gspb_container{position:relative;display:flex;justify-content:center;padding-right:.5rem;padding-left:.5rem;box-sizing:border-box}#gspb_container-id-gsbp-83c3341c-23b4.gspb_container{align-items:stretch;border-left-style:solid;border-left-width:3px;border-left-color:#fffffe}body.gspb-bodyfront #gspb_container-id-gsbp-83c3341c-23b4.gspb_container{grid-column:span 1;grid-row:span 2}@media (max-width:575.98px){body.gspb-bodyfront #gspb_container-id-gsbp-83c3341c-23b4.gspb_container{grid-column:span 2}}#gspb_container-id-gsbp-5abd4591-8539.gspb_container{flex-direction:column;align-items:flex-start;height:10vh;border-right-style:none;border-right-width:3px;border-right-color:#fffffe}body.gspb-bodyfront #gspb_container-id-gsbp-5abd4591-8539.gspb_container{grid-column:span 7}@media (max-width:575.98px){body.gspb-bodyfront #gspb_container-id-gsbp-5abd4591-8539.gspb_container{grid-column:span 6}}#gspb_container-id-gsbp-455df240-0977.gspb_container{position:relative;padding-right:1rem;padding-left:1rem;height:50vh;border-top-style:solid;border-top-width:3px;border-top-color:#fffffe;border-bottom-style:none;border-bottom-width:3px;border-bottom-color:#fffffe;box-sizing:border-box}body.gspb-bodyfront #gspb_container-id-gsbp-455df240-0977.gspb_container{grid-column:span 8}","footnotes":""},"class_list":["post-2350","page","type-page","status-publish","hentry"],"acf":[],"_links":{"self":[{"href":"https:\/\/mgntl.com\/en\/wp-json\/wp\/v2\/pages\/2350","targetHints":{"allow":["GET"]}}],"collection":[{"href":"https:\/\/mgntl.com\/en\/wp-json\/wp\/v2\/pages"}],"about":[{"href":"https:\/\/mgntl.com\/en\/wp-json\/wp\/v2\/types\/page"}],"author":[{"embeddable":true,"href":"https:\/\/mgntl.com\/en\/wp-json\/wp\/v2\/users\/3"}],"replies":[{"embeddable":true,"href":"https:\/\/mgntl.com\/en\/wp-json\/wp\/v2\/comments?post=2350"}],"version-history":[{"count":9,"href":"https:\/\/mgntl.com\/en\/wp-json\/wp\/v2\/pages\/2350\/revisions"}],"predecessor-version":[{"id":3303,"href":"https:\/\/mgntl.com\/en\/wp-json\/wp\/v2\/pages\/2350\/revisions\/3303"}],"wp:attachment":[{"href":"https:\/\/mgntl.com\/en\/wp-json\/wp\/v2\/media?parent=2350"}],"curies":[{"name":"wp","href":"https:\/\/api.w.org\/{rel}","templated":true}]}}